{"id":13380,"date":"2026-04-29T14:19:45","date_gmt":"2026-04-29T18:19:45","guid":{"rendered":"https:\/\/compagnonseternels.ca\/?post_type=product&#038;p=13380"},"modified":"2026-05-09T09:46:02","modified_gmt":"2026-05-09T13:46:02","slug":"memory-stones-by-amelie-b","status":"publish","type":"product","link":"https:\/\/compagnonseternels.ca\/en\/product\/memory-stones-by-amelie-b\/","title":{"rendered":"Memory Stones by Am\u00e9lie B. c\u00e9ramiste"},"content":{"rendered":"<p>Because some bonds never fade, the Memory Stone lets you keep your beloved companion close.<\/p>\n<p>This delicate ceramic keepsake (approx. 2 in. \u00d7 1.5 in.) holds a small amount of your pet&#8217;s ashes. Each stone is hand-crafted from raw, natural materials by Am\u00e9lie B., c\u00e9ramiste.<\/p>\n<p>Discreet and timeless, it slips into a pocket, sits on a nightstand, or fits naturally into your everyday life.<\/p>\n","protected":false},"excerpt":{"rendered":"<p>Because some bonds never fade, the Memory Stone lets you keep your beloved companion close. This delicate ceramic keepsake (approx. 2 in. \u00d7 1.5 in.) holds a small amount of your pet&#8217;s ashes. Each stone is hand-crafted from raw, natural materials by Am\u00e9lie B., c\u00e9ramiste. Discreet and timeless, it slips into a pocket, sits on [&hellip;]<\/p>\n","protected":false},"featured_media":13500,"comment_status":"open","ping_status":"closed","template":"","meta":[],"product_cat":[167,168,131],"product_tag":[177,180],"acf":[],"yoast_head":"<!-- This site is optimized with the Yoast SEO plugin v17.3 - https:\/\/yoast.com\/wordpress\/plugins\/seo\/ -->\n<title>Memory Stones by Am\u00e9lie B. c\u00e9ramiste - Compagnons \u00c9ternels<\/title>\n<meta name=\"robots\" content=\"index, follow, max-snippet:-1, max-image-preview:large, max-video-preview:-1\" \/>\n<link rel=\"canonical\" href=\"https:\/\/compagnonseternels.ca\/en\/product\/memory-stones-by-amelie-b\/\" \/>\n<meta property=\"og:locale\" content=\"en_US\" \/>\n<meta property=\"og:type\" content=\"article\" \/>\n<meta property=\"og:title\" content=\"Memory Stones by Am\u00e9lie B. c\u00e9ramiste - Compagnons \u00c9ternels\" \/>\n<meta property=\"og:description\" content=\"Because some bonds never fade, the Memory Stone lets you keep your beloved companion close. This delicate ceramic keepsake (approx. 2 in. \u00d7 1.5 in.) holds a small amount of your pet&#8217;s ashes. Each stone is hand-crafted from raw, natural materials by Am\u00e9lie B., c\u00e9ramiste. Discreet and timeless, it slips into a pocket, sits on [&hellip;]\" \/>\n<meta property=\"og:url\" content=\"https:\/\/compagnonseternels.ca\/en\/product\/memory-stones-by-amelie-b\/\" \/>\n<meta property=\"og:site_name\" content=\"Compagnons \u00c9ternels\" \/>\n<meta property=\"article:modified_time\" content=\"2026-05-09T13:46:02+00:00\" \/>\n<meta property=\"og:image\" content=\"https:\/\/compagnonseternels.ca\/wp-content\/uploads\/2026\/04\/Pierres-de-memoire-Memory-Stones-Amelie-B.-ceramiste-1-768x1024.png\" \/>\n\t<meta property=\"og:image:width\" content=\"768\" \/>\n\t<meta property=\"og:image:height\" content=\"1024\" \/>\n<meta name=\"twitter:card\" content=\"summary_large_image\" \/>\n<meta name=\"twitter:label1\" content=\"Est. reading time\" \/>\n\t<meta name=\"twitter:data1\" content=\"1 minute\" \/>\n<script type=\"application\/ld+json\" class=\"yoast-schema-graph\">{\"@context\":\"https:\/\/schema.org\",\"@graph\":[{\"@type\":\"WebSite\",\"@id\":\"https:\/\/compagnonseternels.ca\/#website\",\"url\":\"https:\/\/compagnonseternels.ca\/\",\"name\":\"Compagnons \\u00c9ternels\",\"description\":\"\",\"potentialAction\":[{\"@type\":\"SearchAction\",\"target\":{\"@type\":\"EntryPoint\",\"urlTemplate\":\"https:\/\/compagnonseternels.ca\/?s={search_term_string}\"},\"query-input\":\"required name=search_term_string\"}],\"inLanguage\":\"en-US\"},{\"@type\":\"ImageObject\",\"@id\":\"https:\/\/compagnonseternels.ca\/en\/product\/memory-stones-by-amelie-b\/#primaryimage\",\"inLanguage\":\"en-US\",\"url\":\"https:\/\/compagnonseternels.ca\/wp-content\/uploads\/2026\/04\/Pierres-de-memoire-Memory-Stones-Amelie-B.-ceramiste-1.png\",\"contentUrl\":\"https:\/\/compagnonseternels.ca\/wp-content\/uploads\/2026\/04\/Pierres-de-memoire-Memory-Stones-Amelie-B.-ceramiste-1.png\",\"width\":1792,\"height\":2390},{\"@type\":\"WebPage\",\"@id\":\"https:\/\/compagnonseternels.ca\/en\/product\/memory-stones-by-amelie-b\/#webpage\",\"url\":\"https:\/\/compagnonseternels.ca\/en\/product\/memory-stones-by-amelie-b\/\",\"name\":\"Memory Stones by Am\\u00e9lie B. c\\u00e9ramiste - Compagnons \\u00c9ternels\",\"isPartOf\":{\"@id\":\"https:\/\/compagnonseternels.ca\/#website\"},\"primaryImageOfPage\":{\"@id\":\"https:\/\/compagnonseternels.ca\/en\/product\/memory-stones-by-amelie-b\/#primaryimage\"},\"datePublished\":\"2026-04-29T18:19:45+00:00\",\"dateModified\":\"2026-05-09T13:46:02+00:00\",\"breadcrumb\":{\"@id\":\"https:\/\/compagnonseternels.ca\/en\/product\/memory-stones-by-amelie-b\/#breadcrumb\"},\"inLanguage\":\"en-US\",\"potentialAction\":[{\"@type\":\"ReadAction\",\"target\":[\"https:\/\/compagnonseternels.ca\/en\/product\/memory-stones-by-amelie-b\/\"]}]},{\"@type\":\"BreadcrumbList\",\"@id\":\"https:\/\/compagnonseternels.ca\/en\/product\/memory-stones-by-amelie-b\/#breadcrumb\",\"itemListElement\":[{\"@type\":\"ListItem\",\"position\":1,\"name\":\"Accueil\",\"item\":\"https:\/\/compagnonseternels.ca\/\"},{\"@type\":\"ListItem\",\"position\":2,\"name\":\"Boutique\",\"item\":\"https:\/\/compagnonseternels.ca\/boutique\/\"},{\"@type\":\"ListItem\",\"position\":3,\"name\":\"Memory Stones by Am\\u00e9lie B. c\\u00e9ramiste\"}]}]}<\/script>\n<!-- \/ Yoast SEO plugin. -->","yoast_head_json":{"title":"Memory Stones by Am\u00e9lie B. c\u00e9ramiste - Compagnons \u00c9ternels","robots":{"index":"index","follow":"follow","max-snippet":"max-snippet:-1","max-image-preview":"max-image-preview:large","max-video-preview":"max-video-preview:-1"},"canonical":"https:\/\/compagnonseternels.ca\/en\/product\/memory-stones-by-amelie-b\/","og_locale":"en_US","og_type":"article","og_title":"Memory Stones by Am\u00e9lie B. c\u00e9ramiste - Compagnons \u00c9ternels","og_description":"Because some bonds never fade, the Memory Stone lets you keep your beloved companion close. This delicate ceramic keepsake (approx. 2 in. \u00d7 1.5 in.) holds a small amount of your pet&#8217;s ashes. Each stone is hand-crafted from raw, natural materials by Am\u00e9lie B., c\u00e9ramiste. Discreet and timeless, it slips into a pocket, sits on [&hellip;]","og_url":"https:\/\/compagnonseternels.ca\/en\/product\/memory-stones-by-amelie-b\/","og_site_name":"Compagnons \u00c9ternels","article_modified_time":"2026-05-09T13:46:02+00:00","og_image":[{"width":768,"height":1024,"url":"https:\/\/compagnonseternels.ca\/wp-content\/uploads\/2026\/04\/Pierres-de-memoire-Memory-Stones-Amelie-B.-ceramiste-1-768x1024.png","type":"image\/png"}],"twitter_card":"summary_large_image","twitter_misc":{"Est. reading time":"1 minute"},"schema":{"@context":"https:\/\/schema.org","@graph":[{"@type":"WebSite","@id":"https:\/\/compagnonseternels.ca\/#website","url":"https:\/\/compagnonseternels.ca\/","name":"Compagnons \u00c9ternels","description":"","potentialAction":[{"@type":"SearchAction","target":{"@type":"EntryPoint","urlTemplate":"https:\/\/compagnonseternels.ca\/?s={search_term_string}"},"query-input":"required name=search_term_string"}],"inLanguage":"en-US"},{"@type":"ImageObject","@id":"https:\/\/compagnonseternels.ca\/en\/product\/memory-stones-by-amelie-b\/#primaryimage","inLanguage":"en-US","url":"https:\/\/compagnonseternels.ca\/wp-content\/uploads\/2026\/04\/Pierres-de-memoire-Memory-Stones-Amelie-B.-ceramiste-1.png","contentUrl":"https:\/\/compagnonseternels.ca\/wp-content\/uploads\/2026\/04\/Pierres-de-memoire-Memory-Stones-Amelie-B.-ceramiste-1.png","width":1792,"height":2390},{"@type":"WebPage","@id":"https:\/\/compagnonseternels.ca\/en\/product\/memory-stones-by-amelie-b\/#webpage","url":"https:\/\/compagnonseternels.ca\/en\/product\/memory-stones-by-amelie-b\/","name":"Memory Stones by Am\u00e9lie B. c\u00e9ramiste - Compagnons \u00c9ternels","isPartOf":{"@id":"https:\/\/compagnonseternels.ca\/#website"},"primaryImageOfPage":{"@id":"https:\/\/compagnonseternels.ca\/en\/product\/memory-stones-by-amelie-b\/#primaryimage"},"datePublished":"2026-04-29T18:19:45+00:00","dateModified":"2026-05-09T13:46:02+00:00","breadcrumb":{"@id":"https:\/\/compagnonseternels.ca\/en\/product\/memory-stones-by-amelie-b\/#breadcrumb"},"inLanguage":"en-US","potentialAction":[{"@type":"ReadAction","target":["https:\/\/compagnonseternels.ca\/en\/product\/memory-stones-by-amelie-b\/"]}]},{"@type":"BreadcrumbList","@id":"https:\/\/compagnonseternels.ca\/en\/product\/memory-stones-by-amelie-b\/#breadcrumb","itemListElement":[{"@type":"ListItem","position":1,"name":"Accueil","item":"https:\/\/compagnonseternels.ca\/"},{"@type":"ListItem","position":2,"name":"Boutique","item":"https:\/\/compagnonseternels.ca\/boutique\/"},{"@type":"ListItem","position":3,"name":"Memory Stones by Am\u00e9lie B. c\u00e9ramiste"}]}]}},"_links":{"self":[{"href":"https:\/\/compagnonseternels.ca\/en\/wp-json\/wp\/v2\/product\/13380"}],"collection":[{"href":"https:\/\/compagnonseternels.ca\/en\/wp-json\/wp\/v2\/product"}],"about":[{"href":"https:\/\/compagnonseternels.ca\/en\/wp-json\/wp\/v2\/types\/product"}],"replies":[{"embeddable":true,"href":"https:\/\/compagnonseternels.ca\/en\/wp-json\/wp\/v2\/comments?post=13380"}],"wp:featuredmedia":[{"embeddable":true,"href":"https:\/\/compagnonseternels.ca\/en\/wp-json\/wp\/v2\/media\/13500"}],"wp:attachment":[{"href":"https:\/\/compagnonseternels.ca\/en\/wp-json\/wp\/v2\/media?parent=13380"}],"wp:term":[{"taxonomy":"product_cat","embeddable":true,"href":"https:\/\/compagnonseternels.ca\/en\/wp-json\/wp\/v2\/product_cat?post=13380"},{"taxonomy":"product_tag","embeddable":true,"href":"https:\/\/compagnonseternels.ca\/en\/wp-json\/wp\/v2\/product_tag?post=13380"}],"curies":[{"name":"wp","href":"https:\/\/api.w.org\/{rel}","templated":true}]}}